{"id":1499,"date":"2025-10-08T12:25:17","date_gmt":"2025-10-08T11:25:17","guid":{"rendered":"https:\/\/easydooh.ymanera.es\/campaign-management\/"},"modified":"2026-03-26T10:50:28","modified_gmt":"2026-03-26T10:50:28","slug":"campaign-management","status":"publish","type":"page","link":"https:\/\/easydooh.com\/en\/about-us\/campaign-management\/","title":{"rendered":"Campaign Management"},"content":{"rendered":"\n<div class=\"et_pb_section_0 et_pb_section et_section_regular et_block_section\"><div class=\"et_pb_row_0 et_pb_row et_block_row\"><div class=\"et_pb_column_0 et_pb_column et_pb_column_2_5 et_block_column et_pb_column_empty et_pb_css_mix_blend_mode_passthrough\"><\/div><div class=\"et_pb_column_1 et_pb_column et_pb_column_3_5 et-last-child et_block_column et_pb_css_mix_blend_mode_passthrough\"><div class=\"et_pb_text_0 et_pb_text et_pb_bg_layout_light et_pb_module et_block_module\"><div class=\"et_pb_text_inner\"><ul>\n<li style=\"text-align: left;\"><strong>Create and Plan<\/strong><\/li>\n<li style=\"text-align: left;\"><strong>Segment<\/strong><\/li>\n<li style=\"text-align: left;\"><strong>External Data<\/strong><\/li>\n<li style=\"text-align: left;\"><strong>Publish<\/strong><\/li>\n<li style=\"text-align: left;\"><strong>Analysis &amp; Results<\/strong><\/li>\n<\/ul>\n<\/div><\/div><\/div><\/div><div class=\"et_pb_row_1 et_pb_row et_block_row\"><div class=\"et_pb_column_2 et_pb_column et_pb_column_2_5 et_block_column et_pb_css_mix_blend_mode_passthrough\"><div class=\"et_pb_image_0 et_pb_image et_pb_module et_block_module\"><span class=\"et_pb_image_wrap\"><img loading=\"lazy\" decoding=\"async\" src=\"https:\/\/easydooh.com\/wp-content\/uploads\/2022\/04\/PlataformaEasyDooh.jpg\" width=\"1240\" height=\"620\" srcset=\"https:\/\/easydooh.com\/wp-content\/uploads\/2022\/04\/PlataformaEasyDooh.jpg 1240w, https:\/\/easydooh.com\/wp-content\/uploads\/2022\/04\/PlataformaEasyDooh-980x490.jpg 980w, https:\/\/easydooh.com\/wp-content\/uploads\/2022\/04\/PlataformaEasyDooh-480x240.jpg 480w\" sizes=\"(min-width: 0px) and (max-width: 480px) 480px, (min-width: 481px) and (max-width: 980px) 980px, (min-width: 981px) 1240px, 100vw\" class=\"wp-image-741\" title=\"Presentacion EasyDooh Empresa.indd\" \/><\/span><\/div><\/div><div class=\"et_pb_column_3 et_pb_column et_pb_column_3_5 et-last-child et_block_column et_pb_css_mix_blend_mode_passthrough\"><div class=\"et_pb_text_1 et_pb_text et_pb_bg_layout_light et_pb_module et_block_module\"><div class=\"et_pb_text_inner\"><ul><\/ul>\n<h2>Create and Plan campaigns.<\/h2>\n<p><span style=\"font-weight: 400;\">The DOOH advertising platform includes a campaign manager that allows you to create and plan campaigns easily and control all aspects of them.<\/span><\/p>\n<\/div><\/div><\/div><\/div><div class=\"et_pb_row_2 et_pb_row et_block_row\"><div class=\"et_pb_column_4 et_pb_column et_pb_column_2_5 et_block_column et_pb_css_mix_blend_mode_passthrough\"><div class=\"et_pb_image_1 et_pb_image et_pb_module et_block_module\"><span class=\"et_pb_image_wrap\"><img loading=\"lazy\" decoding=\"async\" src=\"https:\/\/easydooh.com\/wp-content\/uploads\/2022\/03\/AdobeStock_327811561_Preview.jpeg\" width=\"1000\" height=\"667\" srcset=\"https:\/\/easydooh.com\/wp-content\/uploads\/2022\/03\/AdobeStock_327811561_Preview.jpeg 1000w, https:\/\/easydooh.com\/wp-content\/uploads\/2022\/03\/AdobeStock_327811561_Preview-980x654.jpeg 980w, https:\/\/easydooh.com\/wp-content\/uploads\/2022\/03\/AdobeStock_327811561_Preview-480x320.jpeg 480w\" sizes=\"(min-width: 0px) and (max-width: 480px) 480px, (min-width: 481px) and (max-width: 980px) 980px, (min-width: 981px) 1000px, 100vw\" class=\"wp-image-680\" title=\"AdobeStock_327811561_Preview\" \/><\/span><\/div><\/div><div class=\"et_pb_column_5 et_pb_column et_pb_column_3_5 et-last-child et_block_column et_pb_css_mix_blend_mode_passthrough\"><div class=\"et_pb_text_2 et_pb_text et_pb_bg_layout_light et_pb_module et_block_module\"><div class=\"et_pb_text_inner\"><ul><\/ul>\n<h2>Segment<\/h2>\n<p><span style=\"font-weight: 400;\">The DOOH advertising platform includes a campaign manager that allows you to create and plan campaigns easily and control all aspects of them.<\/span><\/p>\n<ul>\n<li><strong>Indoor<\/strong><\/li>\n<li><strong>Outdoor<\/strong><\/li>\n<\/ul>\n<div>\n<p><span lang=\"EN-US\">With the ability to display dynamic creatives on these screens, changing according to time of day or external weather conditions: cold, heat, rain, snow, wind\u2026\u201d<\/span><b><span lang=\"EN-US\"><o:p><\/o:p><\/span><\/b><\/p>\n<\/div>\n<ul>\n<li><strong>Gender<\/strong><\/li>\n<li><strong>Age<\/strong><\/li>\n<li><strong>Socioeconomic level<\/strong><\/li>\n<li><strong>Country<\/strong><\/li>\n<li><strong>Region \/ Community<\/strong><\/li>\n<li><strong>City<\/strong><\/li>\n<li><strong>Postal codes<\/strong><\/li>\n<li><span>Radius of influence around specific locations<\/span><span style=\"font-size: 14px;\">The platform allows segmentation by types: Indoor \/ Outdoor. It supports dynamic creatives that change by hour and external weather conditions (cold, heat, rain, snow, wind...) and can segment by: Gender, Age, Socio-economic level, Country, Region, City, Postal codes, Radius around specific points, and by placement types (newsstands, markets, supermarkets, shopping centers, transport interchanges, HORECA channel, pharmacies, service stations, buses, VTC, etc.).<\/span><\/li>\n<li><span style=\"font-weight: 400;\"><\/span><\/li>\n<\/ul>\n<\/div><\/div><\/div><\/div><div class=\"et_pb_row_3 et_pb_row et_block_row\"><div class=\"et_pb_column_6 et_pb_column et_pb_column_2_5 et_block_column et_pb_css_mix_blend_mode_passthrough\"><div class=\"et_pb_image_2 et_pb_image et_pb_module et_block_module\"><span class=\"et_pb_image_wrap\"><img loading=\"lazy\" decoding=\"async\" src=\"https:\/\/easydooh.com\/wp-content\/uploads\/2022\/03\/AdobeStock_408919627_Preview.jpeg\" width=\"1000\" height=\"667\" srcset=\"https:\/\/easydooh.com\/wp-content\/uploads\/2022\/03\/AdobeStock_408919627_Preview.jpeg 1000w, https:\/\/easydooh.com\/wp-content\/uploads\/2022\/03\/AdobeStock_408919627_Preview-980x654.jpeg 980w, https:\/\/easydooh.com\/wp-content\/uploads\/2022\/03\/AdobeStock_408919627_Preview-480x320.jpeg 480w\" sizes=\"(min-width: 0px) and (max-width: 480px) 480px, (min-width: 481px) and (max-width: 980px) 980px, (min-width: 981px) 1000px, 100vw\" class=\"wp-image-681\" title=\"AdobeStock_408919627_Preview\" \/><\/span><\/div><\/div><div class=\"et_pb_column_7 et_pb_column et_pb_column_3_5 et-last-child et_block_column et_pb_css_mix_blend_mode_passthrough\"><div class=\"et_pb_text_3 et_pb_text et_pb_bg_layout_light et_pb_module et_block_module\"><div class=\"et_pb_text_inner\"><ul><\/ul>\n<h2>External Data<\/h2>\n<p>The platform can simulate campaign performance, estimating impressions by hour and day of week using public-space audience services (external data).<\/p>\n<p>Based on the target, the external data provider selects the best screens and allocates impressions per screen\/time slot.<\/p>\n<p>The platform accepts creatives (videos or still images) to be distributed via EasyDooh\u2019s AdServer.<\/p>\n<\/div><\/div><\/div><\/div><div class=\"et_pb_row_4 et_pb_row et_block_row\"><div class=\"et_pb_column_8 et_pb_column et_pb_column_2_5 et_block_column et_pb_css_mix_blend_mode_passthrough\"><div class=\"et_pb_image_3 et_pb_image et_pb_module et_block_module\"><span class=\"et_pb_image_wrap\"><img loading=\"lazy\" decoding=\"async\" src=\"https:\/\/easydooh.com\/wp-content\/uploads\/2022\/03\/analisis.png\" width=\"940\" height=\"1458\" srcset=\"https:\/\/easydooh.com\/wp-content\/uploads\/2022\/03\/analisis.png 940w, https:\/\/easydooh.com\/wp-content\/uploads\/2022\/03\/analisis-480x745.png 480w\" sizes=\"(min-width: 0px) and (max-width: 480px) 480px, (min-width: 481px) 940px, 100vw\" class=\"wp-image-682\" title=\"analisis\" \/><\/span><\/div><\/div><div class=\"et_pb_column_9 et_pb_column et_pb_column_3_5 et-last-child et_block_column et_pb_css_mix_blend_mode_passthrough\"><div class=\"et_pb_text_4 et_pb_text et_pb_bg_layout_light et_pb_module et_block_module\"><div class=\"et_pb_text_inner\"><ul><\/ul>\n<h2>Analysis &amp; Results<\/h2>\n<p>You can monitor campaign evolution and results in detail (by zone, screen, hours\/days, impacts) or at a global level, and generate reports for clients.<\/p>\n<p>As\u00ed mismo, permite hacer un seguimiento de la evoluci\u00f3n de la campa\u00f1a DOOH, mediante la emisi\u00f3n de informes con los que dar cuenta de los resultados obtenidos a los clientes.<\/p>\n<\/div><\/div><\/div><\/div><\/div><div class=\"et_pb_section_1 et_pb_section et_section_regular et_block_section\"><\/div>\n","protected":false},"excerpt":{"rendered":"","protected":false},"author":1,"featured_media":1500,"parent":1503,"menu_order":21,"comment_status":"closed","ping_status":"closed","template":"","meta":{"footnotes":""},"class_list":["post-1499","page","type-page","status-publish","has-post-thumbnail","hentry"],"_links":{"self":[{"href":"https:\/\/easydooh.com\/en\/wp-json\/wp\/v2\/pages\/1499","targetHints":{"allow":["GET"]}}],"collection":[{"href":"https:\/\/easydooh.com\/en\/wp-json\/wp\/v2\/pages"}],"about":[{"href":"https:\/\/easydooh.com\/en\/wp-json\/wp\/v2\/types\/page"}],"author":[{"embeddable":true,"href":"https:\/\/easydooh.com\/en\/wp-json\/wp\/v2\/users\/1"}],"replies":[{"embeddable":true,"href":"https:\/\/easydooh.com\/en\/wp-json\/wp\/v2\/comments?post=1499"}],"version-history":[{"count":10,"href":"https:\/\/easydooh.com\/en\/wp-json\/wp\/v2\/pages\/1499\/revisions"}],"predecessor-version":[{"id":1638,"href":"https:\/\/easydooh.com\/en\/wp-json\/wp\/v2\/pages\/1499\/revisions\/1638"}],"up":[{"embeddable":true,"href":"https:\/\/easydooh.com\/en\/wp-json\/wp\/v2\/pages\/1503"}],"wp:featuredmedia":[{"embeddable":true,"href":"https:\/\/easydooh.com\/en\/wp-json\/wp\/v2\/media\/1500"}],"wp:attachment":[{"href":"https:\/\/easydooh.com\/en\/wp-json\/wp\/v2\/media?parent=1499"}],"curies":[{"name":"wp","href":"https:\/\/api.w.org\/{rel}","templated":true}]}}